{"id":380,"date":"2020-11-06T10:37:17","date_gmt":"2020-11-06T10:37:17","guid":{"rendered":"https:\/\/comprasantjoandespi.cat\/establiments-participants"},"modified":"2020-11-11T15:24:06","modified_gmt":"2020-11-11T15:24:06","slug":"establecimientos-participantes","status":"publish","type":"page","link":"https:\/\/comprasantjoandespi.cat\/es\/establecimientos-participantes","title":{"rendered":"Establecimientos participantes"},"content":{"rendered":"<p>[et_pb_section fb_built=\u00bb1&#8243; _builder_version=\u00bb4.6.6&#8243; _module_preset=\u00bbdefault\u00bb background_color=\u00bbrgba(0,0,0,0.37)\u00bb background_image=\u00bbhttps:\/\/comprasantjoandespi.cat\/wp-content\/uploads\/2020\/10\/compra-sant-joan-fondo-incio.jpg\u00bb background_blend=\u00bbmultiply\u00bb custom_padding=\u00bb||147px|||\u00bb][et_pb_row _builder_version=\u00bb4.6.6&#8243; _module_preset=\u00bbdefault\u00bb][et_pb_column type=\u00bb4_4&#8243; _builder_version=\u00bb4.6.6&#8243; _module_preset=\u00bbdefault\u00bb][et_pb_text _builder_version=\u00bb4.6.6&#8243; text_font=\u00bbMontserrat||||||||\u00bb header_font=\u00bbMontserrat|600||on|||||\u00bb header_letter_spacing=\u00bb5px\u00bb header_line_height=\u00bb1.5em\u00bb header_2_font=\u00bbMontserrat|600||on|||||\u00bb header_2_font_size=\u00bb70px\u00bb header_2_letter_spacing=\u00bb5px\u00bb header_2_line_height=\u00bb1.4em\u00bb text_orientation=\u00bbcenter\u00bb background_layout=\u00bbdark\u00bb header_font_size_tablet=\u00bb\u00bb header_font_size_phone=\u00bb18px\u00bb header_font_size_last_edited=\u00bbon|phone\u00bb header_2_font_size_tablet=\u00bb50px\u00bb header_2_font_size_phone=\u00bb34px\u00bb header_2_font_size_last_edited=\u00bbon|phone\u00bb]<\/p>\n<h1>Establecimientos participantes<\/h1>\n<p>[\/et_pb_text][\/et_pb_column][\/et_pb_row][\/et_pb_section][et_pb_section fb_built=\u00bb1&#8243; admin_label=\u00bbHeader\u00bb _builder_version=\u00bb4.6.6&#8243; background_enable_color=\u00bboff\u00bb background_color_gradient_direction=\u00bb337deg\u00bb background_enable_image=\u00bboff\u00bb custom_margin=\u00bb||||false\u00bb custom_padding=\u00bb0vw||0vw||true|false\u00bb bottom_divider_height=\u00bb6vw\u00bb][et_pb_row _builder_version=\u00bb4.6.6&#8243; background_enable_image=\u00bboff\u00bb background_size=\u00bbcontain\u00bb animation_style=\u00bbzoom\u00bb animation_intensity_zoom=\u00bb10%\u00bb][et_pb_column type=\u00bb4_4&#8243; _builder_version=\u00bb3.25&#8243; custom_padding=\u00bb|||\u00bb custom_padding__hover=\u00bb|||\u00bb][et_pb_code _builder_version=\u00bb4.6.6&#8243; _module_preset=\u00bbdefault\u00bb hover_enabled=\u00bb0&#8243; sticky_enabled=\u00bb0&#8243;]\r\n\t\t\t<style>.wpgmza_table_marker { display: none; }<\/style>\r\n\r\n\t\t\t<div style=\"display:block; width:100%;\">\r\n\r\n\t\t\t\t\r\n\t\t\t\r\n\t\t\t\t<div id=\"wpgmaps_directions_notification_10\" style=\"display:none;\">Obteniendo direcciones\u2026...<\/div>\r\n\t\t\t\t<div id=\"wpgmaps_directions_reset_10\" style=\"display:none;\">\r\n\r\n\t\t\t\t\t<a href='javascript:void(0)' onclick='wpgmza_reset_directions(10);' id='wpgmaps_reset_directions' title='Reset directions'>Reset directions<\/a>\r\n\t\t\t\t\t<br \/>\r\n\t\t\t\t\t<a href='javascript: ;' id='wpgmaps_print_directions_10' target='_blank' title='Print directions'>Print directions<\/a>\r\n\t\t\t\t<\/div>\r\n\t\t\t\r\n\t\t\t\t<div id=\"directions_panel_10\"><\/div>\r\n\t\t\t\r\n\t\t\t<\/div>\r\n\r\n\t\t\t\r\n\t\t\t\r\n\t\t\t\r\n\r\n\t\t\t\r\n            <a name='map10'><\/a>\r\n\r\n\t\t\t<div class=\"wpgmza_map \" id=\"wpgmza_map_10\" style=\"display:block; overflow:auto; width:100%; height:620px; float:left;\" data-settings='{\"id\":\"10\",\"map_title\":\"SANT JUST TARJA CON TABLA\",\"map_width\":\"100\",\"map_height\":\"620\",\"map_start_lat\":\"41.370748\",\"map_start_lng\":\"2.062611\",\"map_start_location\":\"41.37074768210351,2.0626105982773804\",\"map_start_zoom\":\"15\",\"default_marker\":\"{\\\"url\\\":\\\"\\\\\\\/\\\\\\\/comprasantjoandespi.cat\\\\\\\/wp-content\\\\\\\/uploads\\\\\\\/2020\\\\\\\/11\\\\\\\/Reiniciem.png\\\",\\\"retina\\\":0}\",\"type\":\"1\",\"alignment\":\"1\",\"directions_enabled\":\"0\",\"styling_enabled\":\"0\",\"styling_json\":\"\",\"active\":\"0\",\"kml\":\"\",\"bicycle\":\"0\",\"traffic\":\"0\",\"dbox\":\"4\",\"dbox_width\":\"100\",\"listmarkers\":\"0\",\"listmarkers_advanced\":\"0\",\"filterbycat\":\"0\",\"ugm_enabled\":\"0\",\"ugm_category_enabled\":\"0\",\"fusion\":\"\",\"map_width_type\":\"\\\\%\",\"map_height_type\":\"px\",\"mass_marker_support\":\"0\",\"ugm_access\":\"0\",\"order_markers_by\":\"2\",\"order_markers_choice\":\"1\",\"show_user_location\":\"1\",\"default_to\":\"\",\"other_settings\":{\"store_locator_style\":\"legacy\",\"wpgmza_store_locator_radius_style\":\"legacy\",\"directions_box_style\":\"modern\",\"show_distance_from_location\":0,\"map_max_zoom\":\"3\",\"map_min_zoom\":\"21\",\"sl_stroke_color\":\"\",\"sl_stroke_opacity\":\"\",\"sl_fill_color\":\"\",\"sl_fill_opacity\":\"\",\"jump_to_nearest_marker_on_initialization\":0,\"automatically_pan_to_users_location\":0,\"override_users_location_zoom_level\":0,\"click_open_link\":2,\"hide_point_of_interest\":false,\"fit_maps_bounds_to_markers\":false,\"fit_maps_bounds_to_markers_after_filtering\":false,\"wpgmza_auto_night\":0,\"transport_layer\":0,\"polygon_labels\":false,\"enable_marker_ratings\":false,\"iw_primary_color\":\"2A3744\",\"iw_accent_color\":\"252F3A\",\"iw_text_color\":\"FFFFFF\",\"wpgmza_iw_type\":\"0\",\"list_markers_by\":\"2\",\"push_in_map\":\"\",\"push_in_map_placement\":\"9\",\"wpgmza_push_in_map_width\":\"\",\"wpgmza_push_in_map_height\":\"\",\"upload_default_ul_marker\":\"\",\"upload_default_sl_marker\":\"\",\"wpgmza_dbox_width_type\":\"%\",\"default_from\":\"\",\"directions_behaviour\":\"default\",\"force_google_directions_app\":false,\"directions_route_origin_icon\":\"https:\\\/\\\/comprasantjoandespi.cat\\\/wp-content\\\/plugins\\\/wp-google-maps\\\/images\\\/spotlight-poi2.png\",\"retina\":false,\"directions_route_destination_icon\":\"https:\\\/\\\/comprasantjoandespi.cat\\\/wp-content\\\/plugins\\\/wp-google-maps\\\/images\\\/spotlight-poi2.png\",\"directions_route_stroke_color\":\"#4f8df5\",\"directions_route_stroke_weight\":\"4\",\"directions_route_stroke_opacity\":\"0.8\",\"enable_advanced_custom_fields_integration\":false,\"enable_toolset_woocommerce_integration\":false,\"shortcodeAttributes\":{\"id\":\"10\"}}}' data-map-id='10' data-shortcode-attributes='{\"id\":\"10\"}' > <\/div>   \r\n\t\t\t\r\n\r\n\t\t\t<div data-wpgmza-table data-wpgmza-php-class=\"WPGMZA\\MarkerListing\\AdvancedTable\" data-wpgmza-rest-api-route=\"\/datatables\/\" data-wpgmza-datatable=\"true\" data-wpgmza-pro-datatable=\"true\" data-wpgmza-feature-type=\"marker\" data-order-json='[[0,\"asc\"]]' id=\"wpgmza_marker_holder_10\" class=\"wpgmza_marker_holder\" style=\"width:100%;\" data-wpgmza-ajax-parameters='{\"map_id\":\"10\"}'>\r\n\t\t\t<table class=\"responsive wpgmza_table\" id=\"wpgmza_table_10\" cellspacing=\"0\" cellpadding=\"0\" style=\"width:100%;\">\r\n\t\t\t\t<thead>\r\n\t\t\t\t<th data-wpgmza-column-name=\"title\" id=\"wpgmza_map_list_title\" class=\"all wpgmza_table_title\">T\u00edtulo<\/th><th data-wpgmza-column-name=\"category\" id=\"wpgmza_map_list_category\" class=\"wpgmza_table_category\">Categor\u00eda<\/th><th data-wpgmza-column-name=\"address\" id=\"wpgmza_map_list_address\" class=\"wpgmza_table_address\">Direcci\u00f3n<\/th><th data-wpgmza-column-name=\"description\" id=\"wpgmza_map_list_description\" class=\"wpgmza_table_description\">Descripci\u00f3n<\/th><\/thead>\r\n\t\t\t\t\r\n\t\t\t<\/table>\r\n\t\t<\/div>\r\n\t\t\t\r\n\r\n        <!-- [et_pb_line_break_holder] -->[\/et_pb_code][\/et_pb_column][\/et_pb_row][\/et_pb_section]<\/p>\n","protected":false},"excerpt":{"rendered":"<p>Establecimientos participantes\r\n\t\t\t<style>.wpgmza_table_marker { display: none; }<\/style>\r\n\r\n\t\t\t<div style=\"display:block; width:100%;\">\r\n\r\n\t\t\t\t\r\n\t\t\t\r\n\t\t\t\t<div id=\"wpgmaps_directions_notification_10\" style=\"display:none;\">Obteniendo direcciones\u2026...<\/div>\r\n\t\t\t\t<div id=\"wpgmaps_directions_reset_10\" style=\"display:none;\">\r\n\r\n\t\t\t\t\t<a href='javascript:void(0)' onclick='wpgmza_reset_directions(10);' id='wpgmaps_reset_directions' title='Reset directions'>Reset directions<\/a>\r\n\t\t\t\t\t<br \/>\r\n\t\t\t\t\t<a href='javascript: ;' id='wpgmaps_print_directions_10' target='_blank' title='Print directions'>Print directions<\/a>\r\n\t\t\t\t<\/div>\r\n\t\t\t\r\n\t\t\t\t<div id=\"directions_panel_10\"><\/div>\r\n\t\t\t\r\n\t\t\t<\/div>\r\n\r\n\t\t\t\r\n\t\t\t\r\n\t\t\t\r\n\r\n\t\t\t\r\n            <a name='map10'><\/a>\r\n\r\n\t\t\t<div class=\"wpgmza_map \" id=\"wpgmza_map_10\" style=\"display:block; overflow:auto; width:100%; height:620px; float:left;\" data-settings='{\"id\":\"10\",\"map_title\":\"SANT JUST TARJA CON TABLA\",\"map_width\":\"100\",\"map_height\":\"620\",\"map_start_lat\":\"41.370748\",\"map_start_lng\":\"2.062611\",\"map_start_location\":\"41.37074768210351,2.0626105982773804\",\"map_start_zoom\":\"15\",\"default_marker\":\"{\\\"url\\\":\\\"\\\\\\\/\\\\\\\/comprasantjoandespi.cat\\\\\\\/wp-content\\\\\\\/uploads\\\\\\\/2020\\\\\\\/11\\\\\\\/Reiniciem.png\\\",\\\"retina\\\":0}\",\"type\":\"1\",\"alignment\":\"1\",\"directions_enabled\":\"0\",\"styling_enabled\":\"0\",\"styling_json\":\"\",\"active\":\"0\",\"kml\":\"\",\"bicycle\":\"0\",\"traffic\":\"0\",\"dbox\":\"4\",\"dbox_width\":\"100\",\"listmarkers\":\"0\",\"listmarkers_advanced\":\"0\",\"filterbycat\":\"0\",\"ugm_enabled\":\"0\",\"ugm_category_enabled\":\"0\",\"fusion\":\"\",\"map_width_type\":\"\\\\%\",\"map_height_type\":\"px\",\"mass_marker_support\":\"0\",\"ugm_access\":\"0\",\"order_markers_by\":\"2\",\"order_markers_choice\":\"1\",\"show_user_location\":\"1\",\"default_to\":\"\",\"other_settings\":{\"store_locator_style\":\"legacy\",\"wpgmza_store_locator_radius_style\":\"legacy\",\"directions_box_style\":\"modern\",\"show_distance_from_location\":0,\"map_max_zoom\":\"3\",\"map_min_zoom\":\"21\",\"sl_stroke_color\":\"\",\"sl_stroke_opacity\":\"\",\"sl_fill_color\":\"\",\"sl_fill_opacity\":\"\",\"jump_to_nearest_marker_on_initialization\":0,\"automatically_pan_to_users_location\":0,\"override_users_location_zoom_level\":0,\"click_open_link\":2,\"hide_point_of_interest\":false,\"fit_maps_bounds_to_markers\":false,\"fit_maps_bounds_to_markers_after_filtering\":false,\"wpgmza_auto_night\":0,\"transport_layer\":0,\"polygon_labels\":false,\"enable_marker_ratings\":false,\"iw_primary_color\":\"2A3744\",\"iw_accent_color\":\"252F3A\",\"iw_text_color\":\"FFFFFF\",\"wpgmza_iw_type\":\"0\",\"list_markers_by\":\"2\",\"push_in_map\":\"\",\"push_in_map_placement\":\"9\",\"wpgmza_push_in_map_width\":\"\",\"wpgmza_push_in_map_height\":\"\",\"upload_default_ul_marker\":\"\",\"upload_default_sl_marker\":\"\",\"wpgmza_dbox_width_type\":\"%\",\"default_from\":\"\",\"directions_behaviour\":\"default\",\"force_google_directions_app\":false,\"directions_route_origin_icon\":\"https:\\\/\\\/comprasantjoandespi.cat\\\/wp-content\\\/plugins\\\/wp-google-maps\\\/images\\\/spotlight-poi2.png\",\"retina\":false,\"directions_route_destination_icon\":\"https:\\\/\\\/comprasantjoandespi.cat\\\/wp-content\\\/plugins\\\/wp-google-maps\\\/images\\\/spotlight-poi2.png\",\"directions_route_stroke_color\":\"#4f8df5\",\"directions_route_stroke_weight\":\"4\",\"directions_route_stroke_opacity\":\"0.8\",\"enable_advanced_custom_fields_integration\":false,\"enable_toolset_woocommerce_integration\":false,\"shortcodeAttributes\":{\"id\":\"10\"}}}' data-map-id='10' data-shortcode-attributes='{\"id\":\"10\"}' > <\/div>   \r\n\t\t\t\r\n\r\n\t\t\t<div data-wpgmza-table data-wpgmza-php-class=\"WPGMZA\\MarkerListing\\AdvancedTable\" data-wpgmza-rest-api-route=\"\/datatables\/\" data-wpgmza-datatable=\"true\" data-wpgmza-pro-datatable=\"true\" data-wpgmza-feature-type=\"marker\" data-order-json='[[0,\"asc\"]]' id=\"wpgmza_marker_holder_10\" class=\"wpgmza_marker_holder\" style=\"width:100%;\" data-wpgmza-ajax-parameters='{\"map_id\":\"10\"}'>\r\n\t\t\t<table class=\"responsive wpgmza_table\" id=\"wpgmza_table_10\" cellspacing=\"0\" cellpadding=\"0\" style=\"width:100%;\">\r\n\t\t\t\t<thead>\r\n\t\t\t\t<th data-wpgmza-column-name=\"title\" id=\"wpgmza_map_list_title\" class=\"all wpgmza_table_title\">T\u00edtulo<\/th><th data-wpgmza-column-name=\"category\" id=\"wpgmza_map_list_category\" class=\"wpgmza_table_category\">Categor\u00eda<\/th><th data-wpgmza-column-name=\"address\" id=\"wpgmza_map_list_address\" class=\"wpgmza_table_address\">Direcci\u00f3n<\/th><th data-wpgmza-column-name=\"description\" id=\"wpgmza_map_list_description\" class=\"wpgmza_table_description\">Descripci\u00f3n<\/th><\/thead>\r\n\t\t\t\t\r\n\t\t\t<\/table>\r\n\t\t<\/div>\r\n\t\t\t\r\n\r\n        <\/p>\n","protected":false},"author":1,"featured_media":0,"parent":0,"menu_order":0,"comment_status":"closed","ping_status":"closed","template":"","meta":{"_et_pb_use_builder":"on","_et_pb_old_content":"","_et_gb_content_width":"","footnotes":""},"class_list":["post-380","page","type-page","status-publish","hentry"],"yoast_head":"<!-- This site is optimized with the Yoast SEO plugin v27.4 - https:\/\/yoast.com\/product\/yoast-seo-wordpress\/ -->\n<title>Establecimientos participantes - Compra Sant Joan Desp\u00ed<\/title>\n<meta name=\"robots\" content=\"index, follow, max-snippet:-1, max-image-preview:large, max-video-preview:-1\" \/>\n<link rel=\"canonical\" href=\"https:\/\/comprasantjoandespi.cat\/es\/establecimientos-participantes\" \/>\n<meta property=\"og:locale\" content=\"es_ES\" \/>\n<meta property=\"og:type\" content=\"article\" \/>\n<meta property=\"og:title\" content=\"Establecimientos participantes - Compra Sant Joan Desp\u00ed\" \/>\n<meta property=\"og:description\" content=\"Establecimientos participantes\" \/>\n<meta property=\"og:url\" content=\"https:\/\/comprasantjoandespi.cat\/es\/establecimientos-participantes\" \/>\n<meta property=\"og:site_name\" content=\"Compra Sant Joan Desp\u00ed\" \/>\n<meta property=\"article:modified_time\" content=\"2020-11-11T15:24:06+00:00\" \/>\n<meta name=\"twitter:card\" content=\"summary_large_image\" \/>\n<meta name=\"twitter:label1\" content=\"Tiempo de lectura\" \/>\n\t<meta name=\"twitter:data1\" content=\"1 minuto\" \/>\n<script type=\"application\/ld+json\" class=\"yoast-schema-graph\">{\"@context\":\"https:\\\/\\\/schema.org\",\"@graph\":[{\"@type\":\"WebPage\",\"@id\":\"https:\\\/\\\/comprasantjoandespi.cat\\\/es\\\/establecimientos-participantes\",\"url\":\"https:\\\/\\\/comprasantjoandespi.cat\\\/es\\\/establecimientos-participantes\",\"name\":\"Establecimientos participantes - Compra Sant Joan Desp\u00ed\",\"isPartOf\":{\"@id\":\"https:\\\/\\\/comprasantjoandespi.cat\\\/#website\"},\"datePublished\":\"2020-11-06T10:37:17+00:00\",\"dateModified\":\"2020-11-11T15:24:06+00:00\",\"breadcrumb\":{\"@id\":\"https:\\\/\\\/comprasantjoandespi.cat\\\/es\\\/establecimientos-participantes#breadcrumb\"},\"inLanguage\":\"es\",\"potentialAction\":[{\"@type\":\"ReadAction\",\"target\":[\"https:\\\/\\\/comprasantjoandespi.cat\\\/es\\\/establecimientos-participantes\"]}]},{\"@type\":\"BreadcrumbList\",\"@id\":\"https:\\\/\\\/comprasantjoandespi.cat\\\/es\\\/establecimientos-participantes#breadcrumb\",\"itemListElement\":[{\"@type\":\"ListItem\",\"position\":1,\"name\":\"Home\",\"item\":\"https:\\\/\\\/comprasantjoandespi.cat\\\/\"},{\"@type\":\"ListItem\",\"position\":2,\"name\":\"Establecimientos participantes\"}]},{\"@type\":\"WebSite\",\"@id\":\"https:\\\/\\\/comprasantjoandespi.cat\\\/#website\",\"url\":\"https:\\\/\\\/comprasantjoandespi.cat\\\/\",\"name\":\"Compra Sant Joan Desp\u00ed\",\"description\":\"ARA M\u00c9S QUE MAI, COMER\u00c7 DE SANT JOAN DESP\u00cd\",\"publisher\":{\"@id\":\"https:\\\/\\\/comprasantjoandespi.cat\\\/#organization\"},\"potentialAction\":[{\"@type\":\"SearchAction\",\"target\":{\"@type\":\"EntryPoint\",\"urlTemplate\":\"https:\\\/\\\/comprasantjoandespi.cat\\\/?s={search_term_string}\"},\"query-input\":{\"@type\":\"PropertyValueSpecification\",\"valueRequired\":true,\"valueName\":\"search_term_string\"}}],\"inLanguage\":\"es\"},{\"@type\":\"Organization\",\"@id\":\"https:\\\/\\\/comprasantjoandespi.cat\\\/#organization\",\"name\":\"Compra Sant Joan Desp\u00ed\",\"url\":\"https:\\\/\\\/comprasantjoandespi.cat\\\/\",\"logo\":{\"@type\":\"ImageObject\",\"inLanguage\":\"es\",\"@id\":\"https:\\\/\\\/comprasantjoandespi.cat\\\/#\\\/schema\\\/logo\\\/image\\\/\",\"url\":\"https:\\\/\\\/comprasantjoandespi.cat\\\/wp-content\\\/uploads\\\/2020\\\/10\\\/logos-cabecera.png\",\"contentUrl\":\"https:\\\/\\\/comprasantjoandespi.cat\\\/wp-content\\\/uploads\\\/2020\\\/10\\\/logos-cabecera.png\",\"width\":391,\"height\":111,\"caption\":\"Compra Sant Joan Desp\u00ed\"},\"image\":{\"@id\":\"https:\\\/\\\/comprasantjoandespi.cat\\\/#\\\/schema\\\/logo\\\/image\\\/\"}}]}<\/script>\n<!-- \/ Yoast SEO plugin. -->","yoast_head_json":{"title":"Establecimientos participantes - Compra Sant Joan Desp\u00ed","robots":{"index":"index","follow":"follow","max-snippet":"max-snippet:-1","max-image-preview":"max-image-preview:large","max-video-preview":"max-video-preview:-1"},"canonical":"https:\/\/comprasantjoandespi.cat\/es\/establecimientos-participantes","og_locale":"es_ES","og_type":"article","og_title":"Establecimientos participantes - Compra Sant Joan Desp\u00ed","og_description":"Establecimientos participantes","og_url":"https:\/\/comprasantjoandespi.cat\/es\/establecimientos-participantes","og_site_name":"Compra Sant Joan Desp\u00ed","article_modified_time":"2020-11-11T15:24:06+00:00","twitter_card":"summary_large_image","twitter_misc":{"Tiempo de lectura":"1 minuto"},"schema":{"@context":"https:\/\/schema.org","@graph":[{"@type":"WebPage","@id":"https:\/\/comprasantjoandespi.cat\/es\/establecimientos-participantes","url":"https:\/\/comprasantjoandespi.cat\/es\/establecimientos-participantes","name":"Establecimientos participantes - Compra Sant Joan Desp\u00ed","isPartOf":{"@id":"https:\/\/comprasantjoandespi.cat\/#website"},"datePublished":"2020-11-06T10:37:17+00:00","dateModified":"2020-11-11T15:24:06+00:00","breadcrumb":{"@id":"https:\/\/comprasantjoandespi.cat\/es\/establecimientos-participantes#breadcrumb"},"inLanguage":"es","potentialAction":[{"@type":"ReadAction","target":["https:\/\/comprasantjoandespi.cat\/es\/establecimientos-participantes"]}]},{"@type":"BreadcrumbList","@id":"https:\/\/comprasantjoandespi.cat\/es\/establecimientos-participantes#breadcrumb","itemListElement":[{"@type":"ListItem","position":1,"name":"Home","item":"https:\/\/comprasantjoandespi.cat\/"},{"@type":"ListItem","position":2,"name":"Establecimientos participantes"}]},{"@type":"WebSite","@id":"https:\/\/comprasantjoandespi.cat\/#website","url":"https:\/\/comprasantjoandespi.cat\/","name":"Compra Sant Joan Desp\u00ed","description":"ARA M\u00c9S QUE MAI, COMER\u00c7 DE SANT JOAN DESP\u00cd","publisher":{"@id":"https:\/\/comprasantjoandespi.cat\/#organization"},"potentialAction":[{"@type":"SearchAction","target":{"@type":"EntryPoint","urlTemplate":"https:\/\/comprasantjoandespi.cat\/?s={search_term_string}"},"query-input":{"@type":"PropertyValueSpecification","valueRequired":true,"valueName":"search_term_string"}}],"inLanguage":"es"},{"@type":"Organization","@id":"https:\/\/comprasantjoandespi.cat\/#organization","name":"Compra Sant Joan Desp\u00ed","url":"https:\/\/comprasantjoandespi.cat\/","logo":{"@type":"ImageObject","inLanguage":"es","@id":"https:\/\/comprasantjoandespi.cat\/#\/schema\/logo\/image\/","url":"https:\/\/comprasantjoandespi.cat\/wp-content\/uploads\/2020\/10\/logos-cabecera.png","contentUrl":"https:\/\/comprasantjoandespi.cat\/wp-content\/uploads\/2020\/10\/logos-cabecera.png","width":391,"height":111,"caption":"Compra Sant Joan Desp\u00ed"},"image":{"@id":"https:\/\/comprasantjoandespi.cat\/#\/schema\/logo\/image\/"}}]}},"_links":{"self":[{"href":"https:\/\/comprasantjoandespi.cat\/es\/wp-json\/wp\/v2\/pages\/380","targetHints":{"allow":["GET"]}}],"collection":[{"href":"https:\/\/comprasantjoandespi.cat\/es\/wp-json\/wp\/v2\/pages"}],"about":[{"href":"https:\/\/comprasantjoandespi.cat\/es\/wp-json\/wp\/v2\/types\/page"}],"author":[{"embeddable":true,"href":"https:\/\/comprasantjoandespi.cat\/es\/wp-json\/wp\/v2\/users\/1"}],"replies":[{"embeddable":true,"href":"https:\/\/comprasantjoandespi.cat\/es\/wp-json\/wp\/v2\/comments?post=380"}],"version-history":[{"count":5,"href":"https:\/\/comprasantjoandespi.cat\/es\/wp-json\/wp\/v2\/pages\/380\/revisions"}],"predecessor-version":[{"id":500,"href":"https:\/\/comprasantjoandespi.cat\/es\/wp-json\/wp\/v2\/pages\/380\/revisions\/500"}],"wp:attachment":[{"href":"https:\/\/comprasantjoandespi.cat\/es\/wp-json\/wp\/v2\/media?parent=380"}],"curies":[{"name":"wp","href":"https:\/\/api.w.org\/{rel}","templated":true}]}}