{"id":439,"date":"2020-11-11T10:15:03","date_gmt":"2020-11-11T10:15:03","guid":{"rendered":"https:\/\/comprasantjoandespi.cat\/politica-de-cookies"},"modified":"2020-11-11T10:29:48","modified_gmt":"2020-11-11T10:29:48","slug":"politica-de-cookies","status":"publish","type":"page","link":"https:\/\/comprasantjoandespi.cat\/es\/politica-de-cookies","title":{"rendered":"Politica de cookies"},"content":{"rendered":"<p>[et_pb_section fb_built=\u00bb1&#8243; _builder_version=\u00bb4.6.6&#8243; _module_preset=\u00bbdefault\u00bb][et_pb_row _builder_version=\u00bb4.6.6&#8243; _module_preset=\u00bbdefault\u00bb][et_pb_column type=\u00bb4_4&#8243; _builder_version=\u00bb4.6.6&#8243; _module_preset=\u00bbdefault\u00bb][et_pb_text _builder_version=\u00bb4.6.6&#8243; _module_preset=\u00bbdefault\u00bb hover_enabled=\u00bb0&#8243; sticky_enabled=\u00bb0&#8243;]<\/p>\n<h1>POL\u00cdTICA DE COOKIES<\/h1>\n<p>&nbsp;<\/p>\n<p>D&#8217;acord amb el que estableix la Llei 34\/2002, d&#8217;11 de juliol, de Serveis de la Societat de la Informaci\u00f3 i de Comer\u00e7 Electr\u00f2nic i el Reial decret 13\/2012, s&#8217;informa que l\u2019 Ajuntament de Sant Joan Desp\u00ed utilitza cookies.<\/p>\n<p>Una cookie \u00e9s un dispositiu que es descarrega en el seu equip per emmagatzemar informaci\u00f3.<\/p>\n<p>Utilitzem les seg\u00fcents cookies:<\/p>\n<p>&nbsp;<\/p>\n<table width=\"798\">\n<thead>\n<tr>\n<td><strong>NOM<\/strong><\/td>\n<td><strong>FINALITAT<\/strong><\/td>\n<td><strong>DURADA APROXIMADA<\/strong><\/td>\n<td><strong>PROPIETARI<\/strong><\/td>\n<\/tr>\n<\/thead>\n<tbody>\n<tr>\n<td>_first_pageview<\/td>\n<td>Aquesta galeta s&#8217;estableix en la primera vista de la p\u00e0gina d&#8217;una sessi\u00f3.\u00a0S&#8217;utilitza per fer que el nostre codi de seguiment sigui m\u00e9s eficient, de manera que determinats processos nom\u00e9s s&#8217;executen en vista de la p\u00e0gina inicial de visitant.<\/td>\n<td>10 minuts<\/td>\n<td>Ajuntament<\/td>\n<\/tr>\n<tr>\n<td>_jsuid<\/td>\n<td>Aquestes galetes s&#8217;utilitzen per guardar informaci\u00f3 sobre l&#8217;identificador d&#8217;usuari i quantes vegades s&#8217;ha vist a l&#8217;usuari en els diferents webs.<\/td>\n<td>20 anys<\/td>\n<td>Ajuntament<\/td>\n<\/tr>\n<tr>\n<td>_Referrer _og<\/td>\n<td>Aquesta galeta emmagatzema el referent extern per a un visitant, de manera que en futures visites del mateix remitent s&#8217;adjuntaran a les seves sessions.<\/td>\n<td>90 dies<\/td>\n<td>Ajuntament<\/td>\n<\/tr>\n<tr>\n<td>eZSESSIDsjd<\/td>\n<td>Aquesta galeta s&#8217;utilitza per establir la sessi\u00f3 de l&#8217;usuari que visita el lloc.<\/td>\n<td>De sessi\u00f3<\/td>\n<td>Ajuntament<\/td>\n<\/tr>\n<tr>\n<td>no_trackyy_66504777<\/td>\n<td>Aquesta galeta s&#8217;estableix cada vegada que les dades s&#8217;envien en un lloc que est\u00e0 desactivat.<br \/> Se li diu al nostre codi de seguiment per detenir l&#8217;enviament de dades a nosaltres.<\/td>\n<td>24 hores<\/td>\n<td>Ajuntament<\/td>\n<\/tr>\n<\/tbody>\n<\/table>\n<p>&nbsp;<\/p>\n<p>Pot deshabilitar l&#8217;\u00fas de les cookies de tercers mitjan\u00e7ant la configuraci\u00f3 de les opcions del navegador instal\u2022lat en el seu ordinador:<\/p>\n<ul>\n<li>Per a m\u00e9s informaci\u00f3 sobre el Navegador Internet Explorer, <a href=\"https:\/\/support.microsoft.com\/en-us\/topic\/delete-and-manage-cookies-168dab11-0753-043d-7c16-ede5947fc64d\" target=\"_blank\" rel=\"noopener noreferrer\">premi aqu\u00ed.<\/a><\/li>\n<li>Per a m\u00e9s informaci\u00f3 sobre el Navegador Chrome, <a href=\"https:\/\/support.google.com\/chrome\/answer\/95647?hl=es\" target=\"_blank\" rel=\"noopener noreferrer\">premi aqu\u00ed.<\/a><\/li>\n<li>Per a m\u00e9s informaci\u00f3 sobre el Navegador Mozilla Firefox, <a href=\"https:\/\/support.mozilla.org\/es\/kb\/habilitar-y-deshabilitar-cookies-sitios-web-rastrear-preferencias?redirectslug=habilitar-y-deshabilitar-cookies-que-los-sitios-we&amp;redirectlocale=es\" target=\"_blank\" rel=\"noopener noreferrer\">premi aqu\u00ed.<\/a><\/li>\n<li>Per a m\u00e9s informaci\u00f3 sobre el Navegador Safari, <a href=\"https:\/\/support.apple.com\/es-es\/HT201265\" target=\"_blank\" rel=\"noopener noreferrer\">premi aqu\u00ed.<\/a><\/li>\n<\/ul>\n<p>Finalment, li informem que deshabilitar l&#8217;\u00fas de *cookies de tercers no incideix en les funcionalitats que ofereix la nostra p\u00e0gina web.<br \/> Per favor, si tingu\u00e9s algun dubte o consulta sobre la nostra Pol\u00edtica de Cookies, escrigui a: <a href=\"mailto:promocio@sjdespi.net\">promocio@sjdespi.net<\/a><\/p>\n<p>&nbsp;<\/p>\n<h3>Com desactivar les cookies?<\/h3>\n<p><strong>Internet Explorer:<\/strong> Entri al men\u00fa d&#8217;Internet Explorer de la seva versi\u00f3, seleccioni: \u201cEines\u201d, \u201cOpcions d&#8217;Internet\u201d, \u201cPrivadesa\u201d, \u201cConfiguraci\u00f3\u201d, mogui el control lliscant totalment cap amunt per bloquejar totes les cookies i, a continuaci\u00f3, seleccioni \u201cAcceptar\u201d.<\/p>\n<p><strong>Chrome:<\/strong> Entri al men\u00fa de Chrome, seleccioni: \u201cConfiguraci\u00f3\u201d, \u201cMostrar opcions avan\u00e7ades\u201d, \u201cConfiguraci\u00f3 de contingut\u201d. Li apareixer\u00e0 una finestra en la qual pot decidir desactivar les cookies.<\/p>\n<p><strong>Mozilla Firefox:<\/strong> Entri al men\u00fa de Mozilla, seleccioni: \u201cEines\u201d, \u201cOpcions\u201d, \u201cPrivadesa\u201d, \u201cUsar configuraci\u00f3 personalitzada per a l&#8217;historial\u201d. Li apareixer\u00e0 l&#8217;opci\u00f3 per desactivar les cookies desmarcant la casella corresponent.<\/p>\n<p><strong>Uns altres:<\/strong> Si desitja obtenir informaci\u00f3 sobre com desactivar les cookies d&#8217;altres navegadors, si us plau, consulti el men\u00fa del navegador que utilitza.<\/p>\n<p>[\/et_pb_text][\/et_pb_column][\/et_pb_row][\/et_pb_section]<\/p>\n","protected":false},"excerpt":{"rendered":"<p>POL\u00cdTICA DE COOKIES &nbsp; D&#8217;acord amb el que estableix la Llei 34\/2002, d&#8217;11 de juliol, de Serveis de la Societat de la Informaci\u00f3 i de Comer\u00e7 Electr\u00f2nic i el Reial decret 13\/2012, s&#8217;informa que l\u2019 Ajuntament de Sant Joan Desp\u00ed utilitza cookies. Una cookie \u00e9s un dispositiu que es descarrega en el seu equip per [&hellip;]<\/p>\n","protected":false},"author":1,"featured_media":0,"parent":0,"menu_order":0,"comment_status":"closed","ping_status":"closed","template":"","meta":{"_et_pb_use_builder":"on","_et_pb_old_content":"","_et_gb_content_width":"","footnotes":""},"class_list":["post-439","page","type-page","status-publish","hentry"],"yoast_head":"<!-- This site is optimized with the Yoast SEO plugin v27.4 - https:\/\/yoast.com\/product\/yoast-seo-wordpress\/ -->\n<title>Politica de cookies - Compra Sant Joan Desp\u00ed<\/title>\n<meta name=\"robots\" content=\"index, follow, max-snippet:-1, max-image-preview:large, max-video-preview:-1\" \/>\n<link rel=\"canonical\" href=\"https:\/\/comprasantjoandespi.cat\/es\/politica-de-cookies\" \/>\n<meta property=\"og:locale\" content=\"es_ES\" \/>\n<meta property=\"og:type\" content=\"article\" \/>\n<meta property=\"og:title\" content=\"Politica de cookies - Compra Sant Joan Desp\u00ed\" \/>\n<meta property=\"og:description\" content=\"POL\u00cdTICA DE COOKIES &nbsp; D&#039;acord amb el que estableix la Llei 34\/2002, d&#039;11 de juliol, de Serveis de la Societat de la Informaci\u00f3 i de Comer\u00e7 Electr\u00f2nic i el Reial decret 13\/2012, s&#039;informa que l\u2019 Ajuntament de Sant Joan Desp\u00ed utilitza cookies. Una cookie \u00e9s un dispositiu que es descarrega en el seu equip per [&hellip;]\" \/>\n<meta property=\"og:url\" content=\"https:\/\/comprasantjoandespi.cat\/es\/politica-de-cookies\" \/>\n<meta property=\"og:site_name\" content=\"Compra Sant Joan Desp\u00ed\" \/>\n<meta property=\"article:modified_time\" content=\"2020-11-11T10:29:48+00:00\" \/>\n<meta name=\"twitter:card\" content=\"summary_large_image\" \/>\n<meta name=\"twitter:label1\" content=\"Tiempo de lectura\" \/>\n\t<meta name=\"twitter:data1\" content=\"3 minutos\" \/>\n<script type=\"application\/ld+json\" class=\"yoast-schema-graph\">{\"@context\":\"https:\\\/\\\/schema.org\",\"@graph\":[{\"@type\":\"WebPage\",\"@id\":\"https:\\\/\\\/comprasantjoandespi.cat\\\/es\\\/politica-de-cookies\",\"url\":\"https:\\\/\\\/comprasantjoandespi.cat\\\/es\\\/politica-de-cookies\",\"name\":\"Politica de cookies - Compra Sant Joan Desp\u00ed\",\"isPartOf\":{\"@id\":\"https:\\\/\\\/comprasantjoandespi.cat\\\/#website\"},\"datePublished\":\"2020-11-11T10:15:03+00:00\",\"dateModified\":\"2020-11-11T10:29:48+00:00\",\"breadcrumb\":{\"@id\":\"https:\\\/\\\/comprasantjoandespi.cat\\\/es\\\/politica-de-cookies#breadcrumb\"},\"inLanguage\":\"es\",\"potentialAction\":[{\"@type\":\"ReadAction\",\"target\":[\"https:\\\/\\\/comprasantjoandespi.cat\\\/es\\\/politica-de-cookies\"]}]},{\"@type\":\"BreadcrumbList\",\"@id\":\"https:\\\/\\\/comprasantjoandespi.cat\\\/es\\\/politica-de-cookies#breadcrumb\",\"itemListElement\":[{\"@type\":\"ListItem\",\"position\":1,\"name\":\"Home\",\"item\":\"https:\\\/\\\/comprasantjoandespi.cat\\\/\"},{\"@type\":\"ListItem\",\"position\":2,\"name\":\"Politica de cookies\"}]},{\"@type\":\"WebSite\",\"@id\":\"https:\\\/\\\/comprasantjoandespi.cat\\\/#website\",\"url\":\"https:\\\/\\\/comprasantjoandespi.cat\\\/\",\"name\":\"Compra Sant Joan Desp\u00ed\",\"description\":\"ARA M\u00c9S QUE MAI, COMER\u00c7 DE SANT JOAN DESP\u00cd\",\"publisher\":{\"@id\":\"https:\\\/\\\/comprasantjoandespi.cat\\\/#organization\"},\"potentialAction\":[{\"@type\":\"SearchAction\",\"target\":{\"@type\":\"EntryPoint\",\"urlTemplate\":\"https:\\\/\\\/comprasantjoandespi.cat\\\/?s={search_term_string}\"},\"query-input\":{\"@type\":\"PropertyValueSpecification\",\"valueRequired\":true,\"valueName\":\"search_term_string\"}}],\"inLanguage\":\"es\"},{\"@type\":\"Organization\",\"@id\":\"https:\\\/\\\/comprasantjoandespi.cat\\\/#organization\",\"name\":\"Compra Sant Joan Desp\u00ed\",\"url\":\"https:\\\/\\\/comprasantjoandespi.cat\\\/\",\"logo\":{\"@type\":\"ImageObject\",\"inLanguage\":\"es\",\"@id\":\"https:\\\/\\\/comprasantjoandespi.cat\\\/#\\\/schema\\\/logo\\\/image\\\/\",\"url\":\"https:\\\/\\\/comprasantjoandespi.cat\\\/wp-content\\\/uploads\\\/2020\\\/10\\\/logos-cabecera.png\",\"contentUrl\":\"https:\\\/\\\/comprasantjoandespi.cat\\\/wp-content\\\/uploads\\\/2020\\\/10\\\/logos-cabecera.png\",\"width\":391,\"height\":111,\"caption\":\"Compra Sant Joan Desp\u00ed\"},\"image\":{\"@id\":\"https:\\\/\\\/comprasantjoandespi.cat\\\/#\\\/schema\\\/logo\\\/image\\\/\"}}]}<\/script>\n<!-- \/ Yoast SEO plugin. -->","yoast_head_json":{"title":"Politica de cookies - Compra Sant Joan Desp\u00ed","robots":{"index":"index","follow":"follow","max-snippet":"max-snippet:-1","max-image-preview":"max-image-preview:large","max-video-preview":"max-video-preview:-1"},"canonical":"https:\/\/comprasantjoandespi.cat\/es\/politica-de-cookies","og_locale":"es_ES","og_type":"article","og_title":"Politica de cookies - Compra Sant Joan Desp\u00ed","og_description":"POL\u00cdTICA DE COOKIES &nbsp; D'acord amb el que estableix la Llei 34\/2002, d'11 de juliol, de Serveis de la Societat de la Informaci\u00f3 i de Comer\u00e7 Electr\u00f2nic i el Reial decret 13\/2012, s'informa que l\u2019 Ajuntament de Sant Joan Desp\u00ed utilitza cookies. Una cookie \u00e9s un dispositiu que es descarrega en el seu equip per [&hellip;]","og_url":"https:\/\/comprasantjoandespi.cat\/es\/politica-de-cookies","og_site_name":"Compra Sant Joan Desp\u00ed","article_modified_time":"2020-11-11T10:29:48+00:00","twitter_card":"summary_large_image","twitter_misc":{"Tiempo de lectura":"3 minutos"},"schema":{"@context":"https:\/\/schema.org","@graph":[{"@type":"WebPage","@id":"https:\/\/comprasantjoandespi.cat\/es\/politica-de-cookies","url":"https:\/\/comprasantjoandespi.cat\/es\/politica-de-cookies","name":"Politica de cookies - Compra Sant Joan Desp\u00ed","isPartOf":{"@id":"https:\/\/comprasantjoandespi.cat\/#website"},"datePublished":"2020-11-11T10:15:03+00:00","dateModified":"2020-11-11T10:29:48+00:00","breadcrumb":{"@id":"https:\/\/comprasantjoandespi.cat\/es\/politica-de-cookies#breadcrumb"},"inLanguage":"es","potentialAction":[{"@type":"ReadAction","target":["https:\/\/comprasantjoandespi.cat\/es\/politica-de-cookies"]}]},{"@type":"BreadcrumbList","@id":"https:\/\/comprasantjoandespi.cat\/es\/politica-de-cookies#breadcrumb","itemListElement":[{"@type":"ListItem","position":1,"name":"Home","item":"https:\/\/comprasantjoandespi.cat\/"},{"@type":"ListItem","position":2,"name":"Politica de cookies"}]},{"@type":"WebSite","@id":"https:\/\/comprasantjoandespi.cat\/#website","url":"https:\/\/comprasantjoandespi.cat\/","name":"Compra Sant Joan Desp\u00ed","description":"ARA M\u00c9S QUE MAI, COMER\u00c7 DE SANT JOAN DESP\u00cd","publisher":{"@id":"https:\/\/comprasantjoandespi.cat\/#organization"},"potentialAction":[{"@type":"SearchAction","target":{"@type":"EntryPoint","urlTemplate":"https:\/\/comprasantjoandespi.cat\/?s={search_term_string}"},"query-input":{"@type":"PropertyValueSpecification","valueRequired":true,"valueName":"search_term_string"}}],"inLanguage":"es"},{"@type":"Organization","@id":"https:\/\/comprasantjoandespi.cat\/#organization","name":"Compra Sant Joan Desp\u00ed","url":"https:\/\/comprasantjoandespi.cat\/","logo":{"@type":"ImageObject","inLanguage":"es","@id":"https:\/\/comprasantjoandespi.cat\/#\/schema\/logo\/image\/","url":"https:\/\/comprasantjoandespi.cat\/wp-content\/uploads\/2020\/10\/logos-cabecera.png","contentUrl":"https:\/\/comprasantjoandespi.cat\/wp-content\/uploads\/2020\/10\/logos-cabecera.png","width":391,"height":111,"caption":"Compra Sant Joan Desp\u00ed"},"image":{"@id":"https:\/\/comprasantjoandespi.cat\/#\/schema\/logo\/image\/"}}]}},"_links":{"self":[{"href":"https:\/\/comprasantjoandespi.cat\/es\/wp-json\/wp\/v2\/pages\/439","targetHints":{"allow":["GET"]}}],"collection":[{"href":"https:\/\/comprasantjoandespi.cat\/es\/wp-json\/wp\/v2\/pages"}],"about":[{"href":"https:\/\/comprasantjoandespi.cat\/es\/wp-json\/wp\/v2\/types\/page"}],"author":[{"embeddable":true,"href":"https:\/\/comprasantjoandespi.cat\/es\/wp-json\/wp\/v2\/users\/1"}],"replies":[{"embeddable":true,"href":"https:\/\/comprasantjoandespi.cat\/es\/wp-json\/wp\/v2\/comments?post=439"}],"version-history":[{"count":3,"href":"https:\/\/comprasantjoandespi.cat\/es\/wp-json\/wp\/v2\/pages\/439\/revisions"}],"predecessor-version":[{"id":446,"href":"https:\/\/comprasantjoandespi.cat\/es\/wp-json\/wp\/v2\/pages\/439\/revisions\/446"}],"wp:attachment":[{"href":"https:\/\/comprasantjoandespi.cat\/es\/wp-json\/wp\/v2\/media?parent=439"}],"curies":[{"name":"wp","href":"https:\/\/api.w.org\/{rel}","templated":true}]}}